{"id":347,"date":"2021-10-08T16:29:01","date_gmt":"2021-10-08T14:29:01","guid":{"rendered":"https:\/\/groupe-ragni.agence-b17.dev\/page-d-exemple\/"},"modified":"2023-11-16T17:46:15","modified_gmt":"2023-11-16T16:46:15","slug":"page-d-exemple","status":"publish","type":"page","link":"https:\/\/groupe-ragni.agence-b17.dev\/es\/","title":{"rendered":"Accueil (ES)"},"content":{"rendered":"<div class=\"row\"><div class=\"col-12 heading\">\n<h1 class=\"wp-block-heading\"> El grupo <strong>Ragni<\/strong><\/h1>\n<\/div><\/div>\n\n<div class=\"row\"><div class=\"col-12 paragraph\">\n<p>La historia del GRUPO RAGNI comienza con la empresa Ragni, fundada en 1927 y con sede en Cagnes sur Mer. La empresa familiar se especializa en el dise\u00f1o y fabricaci\u00f3n de productos de alumbrado p\u00fablico conectado de alta calidad. A lo largo de los a\u00f1os, se ha destacado y ganado fama gracias a sus creaciones \u00fanicas, ofreciendo iluminaci\u00f3n a veces hecha a medida, a imagen de sus clientes. Su saber hacer ancestral y su fuerte compromiso con el desarrollo sostenible le han valido su inclusi\u00f3n en el Club de Excelencia BPI Francia, reconociendo a la empresa como buque insignia industrial franc\u00e9s.<\/p>\n<\/div><\/div>\n\n<div class=\"row\"><div class=\"col-12 paragraph\">\n<p>En 2015, Ragni se asoci\u00f3 con Nov\u00e9a \u00c9nergies, pionera en Francia y Europa en alumbrado p\u00fablico aut\u00f3nomo desde 2007. La empresa, con sede en Angers, destaca por su experiencia en gesti\u00f3n energ\u00e9tica y electr\u00f3nica y desarrolla tecnolog\u00edas de alto rendimiento que ofrecen las mejores duraciones del mercado. En 2022, se a\u00f1ade una tercera entidad, la empresa de misi\u00f3n SEV\u24d4, que proporciona soluciones medioambientales dedicadas a los territorios que deseen conectar sus infraestructuras: agua, movilidad, medio ambiente, energ\u00eda, edificios p\u00fablicos. Con sus tres marcas, el Grupo ofrece ahora una oferta completa, llave en mano, diferencial e innovadora para apoyar a los territorios en su transici\u00f3n energ\u00e9tica y ecol\u00f3gica.<\/p>\n<\/div><\/div>\n\n\n<div style=\"height:100px\" aria-hidden=\"true\" class=\"wp-block-spacer\"><\/div>\n\n\n    <div class=\"row\">\n        <div  id=\"map_part\" class=\"col-12 heading\">\n            <h2 class=\"wp-block-heading\"><strong>Expertos<\/strong> cerca de vuestros territorios <em>En Francia y en el extranjero<\/em><\/h2>\n        <\/div>\n    <\/div>\n\n<div class=\"map_part \">\n        <div class=\"row justify-content-center\">\n            <div class=\"col-12 col-md-9 d-block d-md-flex justify-content-center\">\n                                <div class=\"bloc\">\n                        <div class=\"bloc_content text-center bg-white\">\n                            <div class=\"bloc_content_main\">\n                                <img decoding=\"async\" src=\"https:\/\/groupe-ragni.agence-b17.dev\/wp-content\/uploads\/logo-ragni.jpg\" alt=\"Logo Ragni\n\" class=\" mb-3 img-fluid\">\n                                <p class=\"mt-4 black title\">Alumbrado p\u00fablico conectado <\/p>\n                            <\/div>\n                            <div class=\"bloc_content_second text-center\">\n                                <a href=\"https:\/\/www.ragni.com\/le-groupe-ragni\/\" target=\"_blank\" class=\"btn bg-black white\" rel=\"noopener\">Descubrir<\/a>\n                            <\/div>\n                        <\/div>\n                    <\/div>\n\n                                <div class=\"bloc\">\n                        <div class=\"bloc_content text-center bg-white\">\n                            <div class=\"bloc_content_main\">\n                                <img decoding=\"async\" src=\"https:\/\/groupe-ragni.agence-b17.dev\/wp-content\/uploads\/logo-novea.jpg\" alt=\"Logo Nov\u00e9a\" class=\" mb-3 img-fluid\">\n                                <p class=\"mt-4 black title\">Alumbrado solar aut\u00f3nomo<\/p>\n                            <\/div>\n                            <div class=\"bloc_content_second text-center\">\n                                <a href=\"https:\/\/www.novea-energies.com\/\" target=\"_blank\" class=\"btn bg-black white\" rel=\"noopener\">Descubrir<\/a>\n                            <\/div>\n                        <\/div>\n                    <\/div>\n\n                                <div class=\"bloc\">\n                        <div class=\"bloc_content text-center bg-white\">\n                            <div class=\"bloc_content_main\">\n                                <img decoding=\"async\" src=\"https:\/\/groupe-ragni.agence-b17.dev\/wp-content\/uploads\/logo-seve.jpg\" alt=\"Logo Seve\" class=\" mb-3 img-fluid\">\n                                <p class=\"mt-4 black title\">Soluciones medioambientales conectadas<\/p>\n                            <\/div>\n                            <div class=\"bloc_content_second text-center\">\n                                <a href=\"https:\/\/sev-e.com\/\" target=\"_blank\" class=\"btn bg-black white\" rel=\"noopener\">Descubrir<\/a>\n                            <\/div>\n                        <\/div>\n                    <\/div>\n\n                        <\/div>\n        <\/div>\n    <div class=\"map_container\">\n        <div class=\"row\">\n            <div class=\"col-12\">\n                <div><div id=\"image-map-pro-f59e0278-ed29-4cea-a336-f3217d950f73\"><\/div><\/div>            <\/div>\n        <\/div>\n    <\/div>\n<\/div>","protected":false},"excerpt":{"rendered":"<p>El grupo Ragni La historia del GRUPO RAGNI comienza con la empresa Ragni, fundada en 1927 y con sede en Cagnes sur Mer. La empresa familiar se especializa en el dise\u00f1o y fabricaci\u00f3n de productos de alumbrado p\u00fablico conectado de alta calidad. A lo largo de los a\u00f1os, se ha destacado y ganado fama gracias [&hellip;]<\/p>\n","protected":false},"author":1,"featured_media":0,"parent":0,"menu_order":0,"comment_status":"closed","ping_status":"closed","template":"","meta":{"footnotes":""},"class_list":["post-347","page","type-page","status-publish","hentry"],"acf":[],"_links":{"self":[{"href":"https:\/\/groupe-ragni.agence-b17.dev\/es\/wp-json\/wp\/v2\/pages\/347","targetHints":{"allow":["GET"]}}],"collection":[{"href":"https:\/\/groupe-ragni.agence-b17.dev\/es\/wp-json\/wp\/v2\/pages"}],"about":[{"href":"https:\/\/groupe-ragni.agence-b17.dev\/es\/wp-json\/wp\/v2\/types\/page"}],"author":[{"embeddable":true,"href":"https:\/\/groupe-ragni.agence-b17.dev\/es\/wp-json\/wp\/v2\/users\/1"}],"replies":[{"embeddable":true,"href":"https:\/\/groupe-ragni.agence-b17.dev\/es\/wp-json\/wp\/v2\/comments?post=347"}],"version-history":[{"count":6,"href":"https:\/\/groupe-ragni.agence-b17.dev\/es\/wp-json\/wp\/v2\/pages\/347\/revisions"}],"predecessor-version":[{"id":477,"href":"https:\/\/groupe-ragni.agence-b17.dev\/es\/wp-json\/wp\/v2\/pages\/347\/revisions\/477"}],"wp:attachment":[{"href":"https:\/\/groupe-ragni.agence-b17.dev\/es\/wp-json\/wp\/v2\/media?parent=347"}],"curies":[{"name":"wp","href":"https:\/\/api.w.org\/{rel}","templated":true}]}}