{"id":443,"date":"2021-10-08T16:29:01","date_gmt":"2021-10-08T14:29:01","guid":{"rendered":"https:\/\/groupe-ragni.agence-b17.dev\/?page_id=443"},"modified":"2023-11-16T11:40:17","modified_gmt":"2023-11-16T10:40:17","slug":"gestion-de-datos-personales","status":"publish","type":"page","link":"https:\/\/groupe-ragni.agence-b17.dev\/es\/gestion-de-datos-personales\/","title":{"rendered":"Gesti\u00f3n de datos personales"},"content":{"rendered":"<div class=\"row\"><div class=\"col-12 heading\">\n<h2 class=\"wp-block-heading\">T\u00e9rminos y condiciones generales de uso del sitio y de los servicios ofrecidos<\/h2>\n<\/div><\/div>\n\n<div class=\"row\"><div class=\"col-12 paragraph\">\n<p>La informaci\u00f3n del usuario recopilada a trav\u00e9s del sitio www.groupe-ragni.com (en lo sucesivo, \u00abel Sitio\u00bb), como, en particular, la URL de los enlaces a trav\u00e9s de los cuales el usuario ha accedido al sitio web de Groupe Ragni , el proveedor de acceso del usuario, la direcci\u00f3n de protocolo de internet (IP) del usuario, los datos de contacto y el nombre del usuario, etc., est\u00e1n destinados a ser procesados por Groupe Ragni, controlador, a los efectos de la navegaci\u00f3n en el sitio, para cualquier solicitud de informaci\u00f3n, y si es necesario para la prestaci\u00f3n de ciertos servicios de Groupe Ragni. Este procesamiento se basa en el inter\u00e9s leg\u00edtimo de Groupe Ragni en la gesti\u00f3n de sus relaciones con actuales clientes y potenciales.<\/p>\n<\/div><\/div>\n\n<div class=\"row\"><div class=\"col-12 paragraph\">\n<p>La informaci\u00f3n marcada con un asterisco en los formularios es necesaria para procesar las solicitudes de los usuarios. De no ser proporcionados, no se puede tener en cuenta una solicitud.<\/p>\n<\/div><\/div>\n\n<div class=\"row\"><div class=\"col-12 paragraph\">\n<p>Los datos s\u00f3lo se comunican internamente dentro de Groupe Ragni al servicio de atenci\u00f3n al cliente, al departamento de marketing\/ecommerce y al departamento de comunicaci\u00f3n.<\/p>\n<\/div><\/div>\n\n<div class=\"row\"><div class=\"col-12 paragraph\">\n<p>Los datos son accesibles para los subcontratistas de Groupe Ragni (en particular con el fin de alojar el sitio web o para el an\u00e1lisis de datos). Los subcontratistas act\u00faan de acuerdo con las instrucciones deGroupe Ragni, y est\u00e1n obligados a tomar las medidas de protecci\u00f3n adecuadas para dichos datos personales.<\/p>\n<\/div><\/div>\n\n<div class=\"row\"><div class=\"col-12 paragraph\">\n<p>Los datos personales del usuario se conservar\u00e1n en la medida de lo posible:<\/p>\n<\/div><\/div>\n\n<div class=\"row\"><div class=\"col-12 list\">\n<ul class=\"wp-block-list\">\n<li>Por un per\u00edodo de 3 a\u00f1os a partir de la fecha de recogida en ausencia de contrato;<\/li>\n\n\n\n<li>En caso de celebraci\u00f3n de un contrato o pedido, durante todo el per\u00edodo contractual; posteriormente se conservar\u00e1n en archivos intermedios durante un per\u00edodo correspondiente al posible per\u00edodo de garant\u00eda al que se suma el plazo de prescripci\u00f3n legal aplicable (5 a\u00f1os en la mayor\u00eda de los casos).<\/li>\n\n\n\n<li>Durante un per\u00edodo de 6 meses a partir de su instalaci\u00f3n\/creaci\u00f3n en el caso de las cookies.<\/li>\n<\/ul>\n<\/div><\/div>\n\n<div class=\"row\"><div class=\"col-12 paragraph\">\n<p>De conformidad con la normativa aplicable en materia de protecci\u00f3n de datos personales, el usuario tiene:<\/p>\n<\/div><\/div>\n\n<div class=\"row\"><div class=\"col-12 list\">\n<ul class=\"wp-block-list\">\n<li>El derecho de acceso, rectificaci\u00f3n y portabilidad de la informaci\u00f3n que le concierne;<\/li>\n\n\n\n<li>Derecho de limitaci\u00f3n, supresi\u00f3n y oposici\u00f3n por motivos leg\u00edtimos al tratamiento de sus datos;<\/li>\n\n\n\n<li>La posibilidad de transmitir directrices a Groupe Ragni para organizar el destino de los datos que le conciernen (almacenamiento, borrado, comunicaci\u00f3n a un tercero, etc.) en caso de fallecimiento;<\/li>\n\n\n\n<li>El usuario puede ejercer estos derechos escribiendo a la siguiente direcci\u00f3n de correo electr\u00f3nico: dpo@test.fr<\/li>\n<\/ul>\n<\/div><\/div>\n\n<div class=\"row\"><div class=\"col-12 paragraph\">\n<p>No obstante, se advierte al usuario que su oposici\u00f3n al tratamiento puede, en la pr\u00e1ctica y en funci\u00f3n del caso, tener un impacto o hacer imposible tener en cuenta una solicitud de informaci\u00f3n, para el uso de los servicios ofrecidos en el sitio.<\/p>\n<\/div><\/div>\n\n<div class=\"row\"><div class=\"col-12 paragraph\">\n<p>El usuario tambi\u00e9n tiene derecho a recurrir ante una autoridad nacional de control como la Comisi\u00f3n Nacional de Inform\u00e1tica y Libertades en Francia en caso de infracci\u00f3n de la normativa aplicable en materia de protecci\u00f3n de datos personales y, en particular, del Reglamento Europeo n\u00b02016-679.<\/p>\n<\/div><\/div>\n\n<div class=\"row\"><div class=\"col-12 heading\">\n<h3 class=\"wp-block-heading\">Hiperv\u00ednculos y cookies<\/h3>\n<\/div><\/div>\n\n<div class=\"row\"><div class=\"col-12 paragraph\">\n<p>El sitio web de la compa\u00f1\u00eda Groupe Ragni contiene una serie de enlaces de hipertexto a otros sitios, configurados con el permiso de la compa\u00f1\u00eda Groupe Ragni . Sin embargo, la compa\u00f1\u00eda Groupe Ragni no tiene la posibilidad de verificar el contenido de los sitios visitados y, por lo tanto, no asume ninguna responsabilidad por este hecho.<\/p>\n<\/div><\/div>\n\n<div class=\"row\"><div class=\"col-12 paragraph\">\n<p>Al consultar el sitio web de la compa\u00f1\u00eda Groupe Ragni (en adelante \u00abel sitio\u00bb), cierta informaci\u00f3n sobre su navegaci\u00f3n se puede guardar en archivos de \u00abcookies\u00bb instalados en su terminal (ordenador, tableta, tel\u00e9fono m\u00f3vil o cualquier otro dispositivo optimizado para internet).<\/p>\n<\/div><\/div>\n\n<div class=\"row\"><div class=\"col-12 paragraph\">\n<p>Estas cookies son emitidas por Groupe Ragni con el fin de facilitar su navegaci\u00f3n en este sitio y para fines de medici\u00f3n de audiencia.<\/p>\n<\/div><\/div>\n\n<div class=\"row\"><div class=\"col-12 paragraph\">\n<p>Este art\u00edculo le permite comprender qu\u00e9 es una cookie, cu\u00e1l es su funci\u00f3n y c\u00f3mo configurar su funcionamiento.<\/p>\n<\/div><\/div>\n\n<div class=\"row\"><div class=\"col-12 heading\">\n<h3 class=\"wp-block-heading\">\u00bfQu\u00e9 es una cookie?<\/h3>\n<\/div><\/div>\n\n<div class=\"row\"><div class=\"col-12 paragraph\">\n<p>Una cookie es un archivo de texto que, gracias al software de su navegador, se coloca en un espacio dedicado en el disco duro de su terminal al visitar un sitio web o ver un anuncio. Contiene varios datos como el nombre del servidor que lo deposit\u00f3 (servidor del sitio que est\u00e1 visitando), un identificador en forma de un n\u00famero \u00fanico y posiblemente una fecha de caducidad de dicha cookie.<\/p>\n<\/div><\/div>\n\n<div class=\"row\"><div class=\"col-12 paragraph\">\n<p>Las cookies permiten a su emisor reconocer el dispositivo del usuario con el que est\u00e1 registrado y recopilar informaci\u00f3n relativa a su navegaci\u00f3n en los sitios.<\/p>\n<\/div><\/div>\n\n<div class=\"row\"><div class=\"col-12 heading\">\n<h3 class=\"wp-block-heading\">Cookies emitidas en este sitio<\/h3>\n<\/div><\/div>\n\n<div class=\"row\"><div class=\"col-12 paragraph\">\n<p>Las \u00abcookies esenciales\u00bb para el funcionamiento del sitio web: permiten guardar la informaci\u00f3n introducida en los formularios, gestionar y asegurar el acceso a las \u00e1reas reservadas (registro o acceso a su cuenta, servicio solicitado, contenido de un carrito de compras, etc.).<\/p>\n<\/div><\/div>\n\n<div class=\"row\"><div class=\"col-12 paragraph\">\n<p>\u00abCookies funcionales\u00bb: permiten adaptar la presentaci\u00f3n del sitio a las preferencias de visualizaci\u00f3n de su dispositivo (idioma utilizado, resoluci\u00f3n de pantalla, etc.) y as\u00ed personalizar su acceso al sitio.<\/p>\n<\/div><\/div>\n\n<div class=\"row\"><div class=\"col-12 paragraph\">\n<p>\u00abCookies anal\u00edticas\u00bb (o \u00abcookies de medici\u00f3n de audiencia\u00bb): recogen datos de tr\u00e1fico an\u00f3nimamente con el fin de establecer estad\u00edsticas y vol\u00famenes de tr\u00e1fico (n\u00famero de visitas, vistas de p\u00e1gina&#8230;) y conocer el uso de los elementos que componen este sitio (secciones y p\u00e1ginas consultadas&#8230;) permitiendo a Groupe Ragni supervisar y mejorar la calidad de sus servicios.<\/p>\n<\/div><\/div>\n\n<div class=\"row\"><div class=\"col-12 paragraph\">\n<p>\u00abCookies sociales\u00bb: permiten interactuar con m\u00f3dulos sociales en el sitio (Facebook, Twitter&#8230;).<\/p>\n<\/div><\/div>\n\n<div class=\"row\"><div class=\"col-12 paragraph\">\n<p>Las \u00abcookies de segmentaci\u00f3n o retargeting\u00bb le permiten adaptar la navegaci\u00f3n a sus elecciones y preferencias, ofreciendo productos y servicios que pueden ser de su inter\u00e9s. Ciertas cookies de terceros pueden instalarse en el sitio a trav\u00e9s de nuestros socios comerciales de confianza, con el fin de ofrecerle ofertas vinculadas a otros sitios web.<\/p>\n<\/div><\/div>\n\n<div class=\"row\"><div class=\"col-12 heading\">\n<h3 class=\"wp-block-heading\">Gesti\u00f3n de sus cookies<\/h3>\n<\/div><\/div>\n\n<div class=\"row\"><div class=\"col-12 paragraph\">\n<p>Puede controlar y gestionar la instalaci\u00f3n de estas cookies en su dispositivo configurando el software de su navegador.<\/p>\n<\/div><\/div>\n\n<div class=\"row\"><div class=\"col-12 paragraph\">\n<p>Por lo tanto, es posible configurar su navegador de manera que acepte o rechace todas las cookies, ya sea sistem\u00e1ticamente o seg\u00fan su emisor. Tambi\u00e9n puede optar por recibir una notificaci\u00f3n autom\u00e1tica cuando se almacena una cookie en su dispositivo.<\/p>\n<\/div><\/div>\n\n<div class=\"row\"><div class=\"col-12 paragraph\">\n<p>Por \u00faltimo, y para beneficiarse de un mayor control sobre la gesti\u00f3n de las cookies, puede configurar el software de su navegador de modo que se le ofrezca aceptaci\u00f3n o rechazo de cookies sistem\u00e1ticamente, antes de que el servidor del sitio que visite pueda colocar una cookie en su disco duro.<\/p>\n<\/div><\/div>\n\n<div class=\"row\"><div class=\"col-12 paragraph\">\n<p>Por lo tanto, es aconsejable configurar los ajustes de su navegador de acuerdo a sus preferencias.<\/p>\n<\/div><\/div>\n\n<div class=\"row\"><div class=\"col-12 paragraph\">\n<p>Con el fin de gestionar las cookies lo m\u00e1s cerca posible de sus expectativas, le invitamos a configurar su navegador teniendo en cuenta el prop\u00f3sito de las cookies. A continuaci\u00f3n encontrar\u00e1 informaci\u00f3n m\u00e1s detallada sobre c\u00f3mo hacer esto para los navegadores m\u00e1s utilizados:<\/p>\n<\/div><\/div>\n\n<div class=\"row\"><div class=\"col-12 list\">\n<ul class=\"wp-block-list\">\n<li>Internet Explorer \u2013 https:\/\/support.microsoft.com\/fr-fr\/topic\/comment-supprimer-des-fichiers-cookies-dans-internet-explorer-bca9446f-d873-78de-77ba-d42645fa52fc<\/li>\n\n\n\n<li>Chrome \u2013 https:\/\/support.google.com\/chrome\/answer\/95647?hl=fr<\/li>\n\n\n\n<li>Firefox \u2013 https:\/\/support.mozilla.org\/fr\/kb\/activer-desactiver-cookies-preferences<\/li>\n\n\n\n<li>Safari \u2013 https:\/\/support.apple.com\/fr-fr\/guide\/safari\/sfri11471\/mac<\/li>\n\n\n\n<li>Opera \u2013 https:\/\/www.opera.com\/fr\/use-cases\/clean-browser-and-remove-trackers<\/li>\n<\/ul>\n<\/div><\/div>\n\n<div class=\"row\"><div class=\"col-12 paragraph\">\n<p>Tambi\u00e9n puede consultar el men\u00fa \u00abAyuda\u00bb de su navegador para aprender c\u00f3mo cambiar la configuraci\u00f3n de cookies.<\/p>\n<\/div><\/div>\n\n<div class=\"row\"><div class=\"col-12 paragraph\">\n<p>Cualquier configuraci\u00f3n realizada en su dispositivo a este respecto puede resultar en una modificaci\u00f3n o degradaci\u00f3n de su navegaci\u00f3n por internet y, en particular, de sus condiciones de acceso a determinados servicios del sitio que requieren el uso de cookies. En caso de dificultad, puede cambiar sus preferencias de cookies en cualquier momento y volver atr\u00e1s.<\/p>\n<\/div><\/div>\n\n\n<div style=\"height:100px\" aria-hidden=\"true\" class=\"wp-block-spacer\"><\/div>\n","protected":false},"excerpt":{"rendered":"<p>T\u00e9rminos y condiciones generales de uso del sitio y de los servicios ofrecidos La informaci\u00f3n del usuario recopilada a trav\u00e9s del sitio (en lo sucesivo, \u00abel Sitio\u00bb), como, en particular, la URL de los enlaces a trav\u00e9s de los cuales el usuario ha accedido al sitio web de , el proveedor de acceso del usuario, [&hellip;]<\/p>\n","protected":false},"author":1,"featured_media":0,"parent":0,"menu_order":0,"comment_status":"closed","ping_status":"closed","template":"page-rgpd.php","meta":{"footnotes":""},"class_list":["post-443","page","type-page","status-publish","hentry"],"acf":[],"_links":{"self":[{"href":"https:\/\/groupe-ragni.agence-b17.dev\/es\/wp-json\/wp\/v2\/pages\/443","targetHints":{"allow":["GET"]}}],"collection":[{"href":"https:\/\/groupe-ragni.agence-b17.dev\/es\/wp-json\/wp\/v2\/pages"}],"about":[{"href":"https:\/\/groupe-ragni.agence-b17.dev\/es\/wp-json\/wp\/v2\/types\/page"}],"author":[{"embeddable":true,"href":"https:\/\/groupe-ragni.agence-b17.dev\/es\/wp-json\/wp\/v2\/users\/1"}],"replies":[{"embeddable":true,"href":"https:\/\/groupe-ragni.agence-b17.dev\/es\/wp-json\/wp\/v2\/comments?post=443"}],"version-history":[{"count":2,"href":"https:\/\/groupe-ragni.agence-b17.dev\/es\/wp-json\/wp\/v2\/pages\/443\/revisions"}],"predecessor-version":[{"id":445,"href":"https:\/\/groupe-ragni.agence-b17.dev\/es\/wp-json\/wp\/v2\/pages\/443\/revisions\/445"}],"wp:attachment":[{"href":"https:\/\/groupe-ragni.agence-b17.dev\/es\/wp-json\/wp\/v2\/media?parent=443"}],"curies":[{"name":"wp","href":"https:\/\/api.w.org\/{rel}","templated":true}]}}